{"id":13,"date":"2025-06-17T03:09:51","date_gmt":"2025-06-17T01:09:51","guid":{"rendered":"http:\/\/localhost:8882\/?page_id=13"},"modified":"2026-04-29T13:42:48","modified_gmt":"2026-04-29T18:42:48","slug":"contactanos","status":"publish","type":"page","link":"https:\/\/mcstorecol.com\/?page_id=13","title":{"rendered":"Cont\u00e1ctanos"},"content":{"rendered":"\n<p>En <strong>Mc Store Col<\/strong> estamos aqu\u00ed para ayudarte. Si tienes dudas sobre nuestros productos, necesitas asesor\u00eda antes de comprar o quieres conocer el estado de tu pedido, no dudes en escribirnos.<\/p>\n\n\n\n<p>Nuestro equipo est\u00e1 listo para brindarte una atenci\u00f3n r\u00e1pida, clara y confiable.<\/p>\n\n\n\n<p><strong>\ud83d\udce9 Canales de atenci\u00f3n:<\/strong><\/p>\n\n\n\n<ul class=\"wp-block-list\">\n<li>WhatsApp: 3224433689<\/li>\n\n\n\n<li>Correo electr\u00f3nico: mcstore12021@gmail.com<\/li>\n\n\n\n<li>Atenci\u00f3n por redes sociales: @mcstorecol<\/li>\n<\/ul>\n\n\n\n<p><strong>\u23f0 Horario de atenci\u00f3n:<\/strong><br>Lunes a s\u00e1bado: 10:00 a.m. \u2013 8:00 p.m.<\/p>\n\n\n\n<p>Nos comprometemos a responder tu solicitud en el menor tiempo posible.<\/p>\n\n\n\n<p><\/p>\n","protected":false},"excerpt":{"rendered":"<p>En Mc Store Col estamos aqu\u00ed para ayudarte. Si tienes dudas sobre nuestros productos, necesitas asesor\u00eda antes de comprar o quieres conocer el estado de tu pedido, no dudes en escribirnos. Nuestro equipo est\u00e1 listo para brindarte una atenci\u00f3n r\u00e1pida, clara y confiable. \ud83d\udce9 Canales de atenci\u00f3n: \u23f0 Horario de atenci\u00f3n:Lunes a s\u00e1bado: 10:00 a.m. [&hellip;]<\/p>\n","protected":false},"author":1,"featured_media":0,"parent":0,"menu_order":0,"comment_status":"closed","ping_status":"closed","template":"","meta":{"footnotes":""},"class_list":["post-13","page","type-page","status-publish","hentry"],"blocksy_meta":[],"_links":{"self":[{"href":"https:\/\/mcstorecol.com\/index.php?rest_route=\/wp\/v2\/pages\/13","targetHints":{"allow":["GET"]}}],"collection":[{"href":"https:\/\/mcstorecol.com\/index.php?rest_route=\/wp\/v2\/pages"}],"about":[{"href":"https:\/\/mcstorecol.com\/index.php?rest_route=\/wp\/v2\/types\/page"}],"author":[{"embeddable":true,"href":"https:\/\/mcstorecol.com\/index.php?rest_route=\/wp\/v2\/users\/1"}],"replies":[{"embeddable":true,"href":"https:\/\/mcstorecol.com\/index.php?rest_route=%2Fwp%2Fv2%2Fcomments&post=13"}],"version-history":[{"count":3,"href":"https:\/\/mcstorecol.com\/index.php?rest_route=\/wp\/v2\/pages\/13\/revisions"}],"predecessor-version":[{"id":3508,"href":"https:\/\/mcstorecol.com\/index.php?rest_route=\/wp\/v2\/pages\/13\/revisions\/3508"}],"wp:attachment":[{"href":"https:\/\/mcstorecol.com\/index.php?rest_route=%2Fwp%2Fv2%2Fmedia&parent=13"}],"curies":[{"name":"wp","href":"https:\/\/api.w.org\/{rel}","templated":true}]}}