{"id":1003,"date":"2025-07-30T14:26:20","date_gmt":"2025-07-30T19:26:20","guid":{"rendered":"https:\/\/mcstorecol.com\/?post_type=product&#038;p=1003"},"modified":"2025-07-30T14:26:20","modified_gmt":"2025-07-30T19:26:20","slug":"pinza-rizador-encrespador-ondulador-nova","status":"publish","type":"product","link":"https:\/\/mcstorecol.com\/?product=pinza-rizador-encrespador-ondulador-nova","title":{"rendered":"Pinza Rizador Encrespador Ondulador Nova"},"content":{"rendered":"<p>\u2714\ufe0f F\u00e1cil de usar: en solo minutos lograr\u00e1s un peinado digno de sal\u00f3n.<br \/>\n\u2714\ufe0f Dise\u00f1o ergon\u00f3mico y liviano: con mango c\u00f3modo y cable de 1.80 m con rotaci\u00f3n de 360\u00b0, evita el agotamiento durante su uso.<br \/>\n\u2714\ufe0f M\u00e1s seguridad: incluye protectores t\u00e9rmicos que previenen accidentes por contacto con superficies calientes.<\/p>\n<p>\u2e3b<\/p>\n<p>\ud83d\udd27 Especificaciones T\u00e9cnicas:<br \/>\n\u2022 Longitud total: 30 cm<br \/>\n\u2022 Espiral: 14 cm<br \/>\n\u2022 Di\u00e1metro del tubo: 19 mm<br \/>\n\u2022 Recubrimiento: cer\u00e1mica<br \/>\n\u2022 Punta fr\u00eda de seguridad<br \/>\n\u2022 Indicador de encendido<br \/>\n\u2022 Cable giratorio de 360\u00b0 \u2013 1.80 metros<br \/>\n\u2022 Apta para todo tipo de cabello<\/p>\n<p>\ud83d\udce6 Incluye:<br \/>\n\u2022 1 rizadora el\u00e9ctrica Nova<\/p>\n","protected":false},"excerpt":{"rendered":"<p>Consigue rizos definidos, naturales y sin maltratar tu cabello con esta rizadora profesional. Su recubrimiento en cer\u00e1mica y su gu\u00eda en espiral protectora ayudan a moldear tu cabello de forma segura, evitando el exceso de calor directo.<\/p>\n","protected":false},"featured_media":1004,"template":"","meta":[],"product_brand":[379],"product_cat":[335,25,337],"product_tag":[570,641,629,635,632,634,630,631,636,627,639,638,628,640,633,637],"class_list":{"0":"post-1003","1":"product","2":"type-product","3":"status-publish","4":"has-post-thumbnail","6":"product_brand-generico","7":"product_cat-accesorios-de-belleza","8":"product_cat-belleza-y-cuidado-personal","9":"product_cat-cabello-planchas-y-secadores","10":"product_tag-belleza-femenina","11":"product_tag-cuidado-del-cabello","12":"product_tag-encrespador-nova","13":"product_tag-estilizador-de-cabello","14":"product_tag-herramienta-para-el-cabello","15":"product_tag-ondulador-de-calor","16":"product_tag-ondulador-nova","17":"product_tag-pinza-nova","18":"product_tag-pinza-para-rizos","19":"product_tag-pinza-rizadora","20":"product_tag-rizador","21":"product_tag-rizador-barato","22":"product_tag-rizador-de-cabello","23":"product_tag-rizador-economico","24":"product_tag-rizador-electrico","25":"product_tag-rizador-profesional","27":"first","28":"instock","29":"shipping-taxable","30":"purchasable","31":"product-type-simple"},"_links":{"self":[{"href":"https:\/\/mcstorecol.com\/index.php?rest_route=\/wp\/v2\/product\/1003","targetHints":{"allow":["GET"]}}],"collection":[{"href":"https:\/\/mcstorecol.com\/index.php?rest_route=\/wp\/v2\/product"}],"about":[{"href":"https:\/\/mcstorecol.com\/index.php?rest_route=\/wp\/v2\/types\/product"}],"wp:featuredmedia":[{"embeddable":true,"href":"https:\/\/mcstorecol.com\/index.php?rest_route=\/wp\/v2\/media\/1004"}],"wp:attachment":[{"href":"https:\/\/mcstorecol.com\/index.php?rest_route=%2Fwp%2Fv2%2Fmedia&parent=1003"}],"wp:term":[{"taxonomy":"product_brand","embeddable":true,"href":"https:\/\/mcstorecol.com\/index.php?rest_route=%2Fwp%2Fv2%2Fproduct_brand&post=1003"},{"taxonomy":"product_cat","embeddable":true,"href":"https:\/\/mcstorecol.com\/index.php?rest_route=%2Fwp%2Fv2%2Fproduct_cat&post=1003"},{"taxonomy":"product_tag","embeddable":true,"href":"https:\/\/mcstorecol.com\/index.php?rest_route=%2Fwp%2Fv2%2Fproduct_tag&post=1003"}],"curies":[{"name":"wp","href":"https:\/\/api.w.org\/{rel}","templated":true}]}}