{"id":1009,"date":"2025-07-30T14:51:35","date_gmt":"2025-07-30T19:51:35","guid":{"rendered":"https:\/\/mcstorecol.com\/?post_type=product&#038;p=1009"},"modified":"2025-07-30T14:51:35","modified_gmt":"2025-07-30T19:51:35","slug":"dispensador-de-agua-para-botellon","status":"publish","type":"product","link":"https:\/\/mcstorecol.com\/?product=dispensador-de-agua-para-botellon","title":{"rendered":"Dispensador de Agua para Botell\u00f3n"},"content":{"rendered":"<p>\u2705 Caracter\u00edsticas<br \/>\n\ud83d\udd0c Voltaje de entrada: 5V<\/p>\n<p>\u26a1\ufe0f Potencia: 4W<\/p>\n<p>\ud83d\udd0b Bater\u00eda recargable de 1800 mAh<\/p>\n<p>\ud83d\udd04 Tiempo de carga: 3 a 4 horas<\/p>\n<p>\ud83e\uddf4 Materiales: ABS, acero inoxidable 304 y silicona de grado alimenticio<\/p>\n<p>\u26aa\ufe0f Color: Blanco<\/p>\n<p>\ud83d\udccf Tama\u00f1o del dispensador: 7.4 x 13 cm (2.9 x 5.1 pulgadas)<\/p>\n<p>\ud83d\udccf Longitud de la manguera: 50 cm (21.7 pulgadas)<\/p>\n<p>\ud83d\udccf Longitud del tubo de salida: 12 cm (4.7 pulgadas)<\/p>\n<p>\ud83d\udce6 Incluye<br \/>\n1 Bomba el\u00e9ctrica de agua potable<\/p>\n<p>1 Manguera de silicona<\/p>\n<p>1 Cable de carga USB<\/p>\n<p>\ud83d\udca1 Modo de uso<br \/>\nConecta el tubo de silicona y el tubo de acero inoxidable.<\/p>\n<p>Inserta la manguera en la botella y ajusta la bomba.<\/p>\n<p>Presiona el bot\u00f3n para comenzar a dispensar agua.<\/p>\n<p>Presiona nuevamente para detener el flujo.<\/p>\n<p>Carga el dispositivo con el cable micro USB cuando la bater\u00eda est\u00e9 baja.<\/p>\n","protected":false},"excerpt":{"rendered":"<p>\ud83d\udeb0 Dispensador de Agua El\u00e9ctrico Recargable<br \/>\nPr\u00e1ctico, port\u00e1til y f\u00e1cil de usar. Este dispensador el\u00e9ctrico es ideal para botellas de agua de gal\u00f3n sin necesidad de retirar la tapa. Fabricado con materiales de calidad, es no t\u00f3xico, sin olor y completamente seguro para el consumo diario.<\/p>\n","protected":false},"featured_media":1010,"template":"","meta":[],"product_brand":[379],"product_cat":[24,340],"product_tag":[643,645,652,650,651,649,647,646,648,642,644],"class_list":{"0":"post-1009","1":"product","2":"type-product","3":"status-publish","4":"has-post-thumbnail","6":"product_brand-generico","7":"product_cat-cocina-y-hogar","8":"product_cat-electro-hogar","9":"product_tag-bomba-de-agua-electrica","10":"product_tag-bomba-de-agua-para-galon","11":"product_tag-dispensador-agua-no-toxico","12":"product_tag-dispensador-agua-para-casa","13":"product_tag-dispensador-agua-para-oficina","14":"product_tag-dispensador-agua-portatil","15":"product_tag-dispensador-agua-recargable","16":"product_tag-dispensador-agua-sin-tapa","17":"product_tag-dispensador-agua-usb","18":"product_tag-dispensador-de-agua","19":"product_tag-dispensador-electrico-para-botellon","21":"first","22":"instock","23":"shipping-taxable","24":"purchasable","25":"product-type-simple"},"_links":{"self":[{"href":"https:\/\/mcstorecol.com\/index.php?rest_route=\/wp\/v2\/product\/1009","targetHints":{"allow":["GET"]}}],"collection":[{"href":"https:\/\/mcstorecol.com\/index.php?rest_route=\/wp\/v2\/product"}],"about":[{"href":"https:\/\/mcstorecol.com\/index.php?rest_route=\/wp\/v2\/types\/product"}],"wp:featuredmedia":[{"embeddable":true,"href":"https:\/\/mcstorecol.com\/index.php?rest_route=\/wp\/v2\/media\/1010"}],"wp:attachment":[{"href":"https:\/\/mcstorecol.com\/index.php?rest_route=%2Fwp%2Fv2%2Fmedia&parent=1009"}],"wp:term":[{"taxonomy":"product_brand","embeddable":true,"href":"https:\/\/mcstorecol.com\/index.php?rest_route=%2Fwp%2Fv2%2Fproduct_brand&post=1009"},{"taxonomy":"product_cat","embeddable":true,"href":"https:\/\/mcstorecol.com\/index.php?rest_route=%2Fwp%2Fv2%2Fproduct_cat&post=1009"},{"taxonomy":"product_tag","embeddable":true,"href":"https:\/\/mcstorecol.com\/index.php?rest_route=%2Fwp%2Fv2%2Fproduct_tag&post=1009"}],"curies":[{"name":"wp","href":"https:\/\/api.w.org\/{rel}","templated":true}]}}