{"id":1025,"date":"2025-07-30T18:10:10","date_gmt":"2025-07-30T23:10:10","guid":{"rendered":"https:\/\/mcstorecol.com\/?post_type=product&#038;p=1025"},"modified":"2025-07-30T18:10:10","modified_gmt":"2025-07-30T23:10:10","slug":"receptor-bluetooth-para-carro-joma-musica-inalambrica","status":"publish","type":"product","link":"https:\/\/mcstorecol.com\/?product=receptor-bluetooth-para-carro-joma-musica-inalambrica","title":{"rendered":"Receptor Bluetooth para Carro JOMA \u2013 M\u00fasica Inal\u00e1mbrica"},"content":{"rendered":"<p>Este dispositivo compacto te permite recibir llamadas en modo manos libres y reproducir tu m\u00fasica favorita desde cualquier dispositivo con Bluetooth. Compatible con perfiles A2DP, garantiza una experiencia de sonido est\u00e9reo de alta calidad. Solo con\u00e9ctalo a la entrada auxiliar (AUX) de tu auto, sincroniza tu celular y disfruta.<\/p>\n<p>\u2705 Manos libres para mayor seguridad al conducir<br \/>\n\u2705 Audio est\u00e9reo n\u00edtido y sin cables<br \/>\n\u2705 Conexi\u00f3n r\u00e1pida y estable v\u00eda Bluetooth<br \/>\n\u2705 F\u00e1cil de usar y compatible con la mayor\u00eda de autos y equipos de sonido<\/p>\n","protected":false},"excerpt":{"rendered":"<p>Convierte tu veh\u00edculo en un centro de entretenimiento moderno con el receptor Bluetooth JOMA.<\/p>\n","protected":false},"featured_media":1026,"template":"","meta":[],"product_brand":[379],"product_cat":[306,349,19,144],"product_tag":[405,673,678,676,679,670,674,671,672,669,677,675,680],"class_list":{"0":"post-1025","1":"product","2":"type-product","3":"status-publish","4":"has-post-thumbnail","6":"product_brand-generico","7":"product_cat-accesorios","8":"product_cat-carro","9":"product_cat-tecnologia","10":"product_cat-vehiculos","11":"product_tag-accesorios-para-carro","12":"product_tag-adaptador-bluetooth","13":"product_tag-adaptador-musica-auto","14":"product_tag-audio-bluetooth","15":"product_tag-auto-manos-libres","16":"product_tag-bluetooth-para-carro","17":"product_tag-joma-bluetooth","18":"product_tag-musica-inalambrica","19":"product_tag-receptor-aux","20":"product_tag-receptor-bluetooth","21":"product_tag-receptor-joma","22":"product_tag-sonido-inalambrico","23":"product_tag-tecnologia-para-carro","25":"first","26":"instock","27":"shipping-taxable","28":"purchasable","29":"product-type-simple"},"_links":{"self":[{"href":"https:\/\/mcstorecol.com\/index.php?rest_route=\/wp\/v2\/product\/1025","targetHints":{"allow":["GET"]}}],"collection":[{"href":"https:\/\/mcstorecol.com\/index.php?rest_route=\/wp\/v2\/product"}],"about":[{"href":"https:\/\/mcstorecol.com\/index.php?rest_route=\/wp\/v2\/types\/product"}],"wp:featuredmedia":[{"embeddable":true,"href":"https:\/\/mcstorecol.com\/index.php?rest_route=\/wp\/v2\/media\/1026"}],"wp:attachment":[{"href":"https:\/\/mcstorecol.com\/index.php?rest_route=%2Fwp%2Fv2%2Fmedia&parent=1025"}],"wp:term":[{"taxonomy":"product_brand","embeddable":true,"href":"https:\/\/mcstorecol.com\/index.php?rest_route=%2Fwp%2Fv2%2Fproduct_brand&post=1025"},{"taxonomy":"product_cat","embeddable":true,"href":"https:\/\/mcstorecol.com\/index.php?rest_route=%2Fwp%2Fv2%2Fproduct_cat&post=1025"},{"taxonomy":"product_tag","embeddable":true,"href":"https:\/\/mcstorecol.com\/index.php?rest_route=%2Fwp%2Fv2%2Fproduct_tag&post=1025"}],"curies":[{"name":"wp","href":"https:\/\/api.w.org\/{rel}","templated":true}]}}