{"id":1593,"date":"2025-08-11T14:36:05","date_gmt":"2025-08-11T19:36:05","guid":{"rendered":"https:\/\/mcstorecol.com\/?post_type=product&#038;p=1593"},"modified":"2025-08-11T14:36:05","modified_gmt":"2025-08-11T19:36:05","slug":"mango-de-ducha-de-seguridad-antideslizante-para-bano-helping-handle","status":"publish","type":"product","link":"https:\/\/mcstorecol.com\/?product=mango-de-ducha-de-seguridad-antideslizante-para-bano-helping-handle","title":{"rendered":"Mango De Ducha De Seguridad Antideslizante Para Ba\u00f1o (Helping Handle)"},"content":{"rendered":"<p>Caracter\u00edsticas:<br \/>\n\u2022 Instalaci\u00f3n sin herramientas: se fija f\u00e1cilmente en segundos gracias a sus potentes ventosas.<br \/>\n\u2022 Uso seguro: debe colocarse \u00fanicamente sobre superficies lisas, limpias, no porosas y secas como vidrio, azulejos grandes o fibra de vidrio.<br \/>\n\u2022 Precauciones: no soporta el peso corporal completo y debe recolocarse antes de cada uso. Evitar instalar sobre l\u00edneas de lechada o baldosas menores a 4\u201dx4\u201d.<br \/>\n\u2022 Port\u00e1til: f\u00e1cil de quitar y colocar en otra posici\u00f3n o llevar de viaje.<\/p>\n<p>Instrucciones de instalaci\u00f3n:<br \/>\n1. Limpia y seca bien la superficie y las ventosas.<br \/>\n2. Coloca el mango en la posici\u00f3n deseada.<br \/>\n3. Presiona firmemente y baja las palancas de seguridad para fijarlo.<\/p>\n","protected":false},"excerpt":{"rendered":"<p>Dise\u00f1ado para brindar soporte adicional en la ducha o la ba\u00f1era, este pr\u00e1ctico mango con ventosas ofrece mayor seguridad y confianza al entrar, salir o moverse dentro del ba\u00f1o. Ideal para personas mayores, en recuperaci\u00f3n o cualquiera que busque prevenir resbalones.<\/p>\n","protected":false},"featured_media":1597,"template":"","meta":[],"product_brand":[379],"product_cat":[24,341],"product_tag":[982,980,976,975,981,978,974,977,983,979],"class_list":{"0":"post-1593","1":"product","2":"type-product","3":"status-publish","4":"has-post-thumbnail","6":"product_brand-generico","7":"product_cat-cocina-y-hogar","8":"product_cat-organizadores","9":"product_tag-accesorio-para-bano","10":"product_tag-apoyo-para-adultos-mayores","11":"product_tag-barra-de-apoyo","12":"product_tag-barra-de-seguridad","13":"product_tag-barra-portatil","14":"product_tag-mango-con-ventosas","15":"product_tag-mango-de-ducha","16":"product_tag-manija-antideslizante","17":"product_tag-prevencion-de-caidas","18":"product_tag-seguridad-para-bano","20":"first","21":"instock","22":"shipping-taxable","23":"purchasable","24":"product-type-simple"},"_links":{"self":[{"href":"https:\/\/mcstorecol.com\/index.php?rest_route=\/wp\/v2\/product\/1593","targetHints":{"allow":["GET"]}}],"collection":[{"href":"https:\/\/mcstorecol.com\/index.php?rest_route=\/wp\/v2\/product"}],"about":[{"href":"https:\/\/mcstorecol.com\/index.php?rest_route=\/wp\/v2\/types\/product"}],"wp:featuredmedia":[{"embeddable":true,"href":"https:\/\/mcstorecol.com\/index.php?rest_route=\/wp\/v2\/media\/1597"}],"wp:attachment":[{"href":"https:\/\/mcstorecol.com\/index.php?rest_route=%2Fwp%2Fv2%2Fmedia&parent=1593"}],"wp:term":[{"taxonomy":"product_brand","embeddable":true,"href":"https:\/\/mcstorecol.com\/index.php?rest_route=%2Fwp%2Fv2%2Fproduct_brand&post=1593"},{"taxonomy":"product_cat","embeddable":true,"href":"https:\/\/mcstorecol.com\/index.php?rest_route=%2Fwp%2Fv2%2Fproduct_cat&post=1593"},{"taxonomy":"product_tag","embeddable":true,"href":"https:\/\/mcstorecol.com\/index.php?rest_route=%2Fwp%2Fv2%2Fproduct_tag&post=1593"}],"curies":[{"name":"wp","href":"https:\/\/api.w.org\/{rel}","templated":true}]}}