{"id":1664,"date":"2025-08-13T14:35:46","date_gmt":"2025-08-13T19:35:46","guid":{"rendered":"https:\/\/mcstorecol.com\/?post_type=product&#038;p=1664"},"modified":"2025-08-13T14:35:46","modified_gmt":"2025-08-13T19:35:46","slug":"enchufe-inteligente-compatible-con-alexa-y-google","status":"publish","type":"product","link":"https:\/\/mcstorecol.com\/?product=enchufe-inteligente-compatible-con-alexa-y-google","title":{"rendered":"Enchufe Inteligente (Compatible Con Alexa y Google)"},"content":{"rendered":"<p>\ud83d\udde3Control de voz: compatible con Amazon Alexa, Google Home Assistant, controla tus electrodom\u00e9sticos con el enchufe inteligente simplemente dando comandos de voz a Amazon Alexa o Google Assistant.<\/p>\n<p>\u23f2\ufe0fTemporizador programado: programa los enchufes inteligentes o establece la rutina de temporizador de apagado autom\u00e1tico para funcionar autom\u00e1ticamente seg\u00fan sea necesario, ahorrando energ\u00eda y dinero. Tus datos se transmiten y almacenan de forma segura mediante servidores AWS en Estados Unidos.<\/p>\n<p>\u2714\ufe0fF\u00e1cil de instalar: simplemente conecta la mini toma a una toma el\u00e9ctrica, conecta un dispositivo al enchufe inteligente y controla tu dispositivo con una tableta o tel\u00e9fono. Se requiere una red WiFi segura de 2.4 GHz<\/p>\n<p>\ud83d\udcccCaracter\u00edsticas:<\/p>\n<p>\ud83d\udd39Dispositivos de control remoto.<br \/>\n\ud83d\udd39F\u00e1cil de instalar.<br \/>\n\ud83d\udd39Establece horarios\/temporizadores<br \/>\n\ud83d\udd39Compatible con Alexa, Google Assistant y SmartThings.<br \/>\n\ud83d\udd39Dispositivos de control de voz.<\/p>\n<p>\ud83d\udcccEspecificaciones t\u00e9cnicas:<br \/>\n\ud83d\udd39N\u00famero de modelo: CT10.<br \/>\n\ud83d\udd39Temperatura de funcionamiento: -10 ~ 140.0 \u00b0F.<br \/>\n\ud83d\udd39Requisitos WiFi: solo 2.4 GHz.<br \/>\n\ud83d\udd39Voltaje nominal: 100 \u2013 240 V.<br \/>\n\ud83d\udd39Corriente nominal: 10 A m\u00e1x.<br \/>\n\ud83d\udd39Potencia m\u00e1xima: 1200 W.<\/p>\n<p>\ud83d\udcccIncluye:<\/p>\n<p>\ud83d\udd391 x enchufes inteligentes.<br \/>\n\ud83d\udd391 x manual de usuario (idioma espa\u00f1ol no garantizado)<\/p>\n<p>\ud83d\udcccNota:<br \/>\n1. Solo admite WiFi de 2.4 GHz, no es compatible con Wi-Fi de 5.0 GHz.<br \/>\n2. Compatible con Android 4.1 y superior o iOS 7.0 y superior.<\/p>\n","protected":false},"excerpt":{"rendered":"<p>Controla tu enchufe inteligente a trav\u00e9s de tu tel\u00e9fono cuando y donde est\u00e9s despu\u00e9s de descargar la aplicaci\u00f3n gratuita Smart Life siempre y cuando haya una red.<\/p>\n","protected":false},"featured_media":1665,"template":"","meta":[],"product_brand":[379],"product_cat":[306,19],"product_tag":[1098,1099,1112,1094,1102,1108,1109,1101,1100,1104,1103,1110,1113,1096,1097,1106,1107,1105,1111,1095],"class_list":{"0":"post-1664","1":"product","2":"type-product","3":"status-publish","4":"has-post-thumbnail","6":"product_brand-generico","7":"product_cat-accesorios","8":"product_cat-tecnologia","9":"product_tag-enchufe-compatible-alexa","10":"product_tag-enchufe-compatible-google-home","11":"product_tag-enchufe-domotica","12":"product_tag-enchufe-inteligente","13":"product_tag-enchufe-inteligente-control-de-voz","14":"product_tag-enchufe-inteligente-sin-hub","15":"product_tag-enchufe-programable","16":"product_tag-enchufe-smart-life","17":"product_tag-enchufe-smartthings","18":"product_tag-enchufe-temporizador","19":"product_tag-enchufe-wifi-control-remoto","20":"product_tag-enchufe-wifi-temporizador","21":"product_tag-mini-enchufe-inteligente","22":"product_tag-mini-enchufe-wifi","23":"product_tag-smart-plug","24":"product_tag-smart-plug-control-remoto","25":"product_tag-smart-plug-wifi-2-4ghz","26":"product_tag-toma-corriente-inteligente","27":"product_tag-toma-inteligente-alexa-google","28":"product_tag-toma-inteligente-wifi","30":"first","31":"instock","32":"shipping-taxable","33":"purchasable","34":"product-type-simple"},"_links":{"self":[{"href":"https:\/\/mcstorecol.com\/index.php?rest_route=\/wp\/v2\/product\/1664","targetHints":{"allow":["GET"]}}],"collection":[{"href":"https:\/\/mcstorecol.com\/index.php?rest_route=\/wp\/v2\/product"}],"about":[{"href":"https:\/\/mcstorecol.com\/index.php?rest_route=\/wp\/v2\/types\/product"}],"wp:featuredmedia":[{"embeddable":true,"href":"https:\/\/mcstorecol.com\/index.php?rest_route=\/wp\/v2\/media\/1665"}],"wp:attachment":[{"href":"https:\/\/mcstorecol.com\/index.php?rest_route=%2Fwp%2Fv2%2Fmedia&parent=1664"}],"wp:term":[{"taxonomy":"product_brand","embeddable":true,"href":"https:\/\/mcstorecol.com\/index.php?rest_route=%2Fwp%2Fv2%2Fproduct_brand&post=1664"},{"taxonomy":"product_cat","embeddable":true,"href":"https:\/\/mcstorecol.com\/index.php?rest_route=%2Fwp%2Fv2%2Fproduct_cat&post=1664"},{"taxonomy":"product_tag","embeddable":true,"href":"https:\/\/mcstorecol.com\/index.php?rest_route=%2Fwp%2Fv2%2Fproduct_tag&post=1664"}],"curies":[{"name":"wp","href":"https:\/\/api.w.org\/{rel}","templated":true}]}}