{"id":2383,"date":"2025-09-10T17:46:22","date_gmt":"2025-09-10T22:46:22","guid":{"rendered":"https:\/\/mcstorecol.com\/?post_type=product&#038;p=2383"},"modified":"2025-09-10T17:46:22","modified_gmt":"2025-09-10T22:46:22","slug":"triturador-desmechador-de-pollo-y-carne","status":"publish","type":"product","link":"https:\/\/mcstorecol.com\/?product=triturador-desmechador-de-pollo-y-carne","title":{"rendered":"Triturador desmechador de pollo y carne"},"content":{"rendered":"<p>Triturador Desmechador De Pollo Y Carne<\/p>\n<p>\ud83d\udccc Caracter\u00edsticas:<\/p>\n<p> \u2022 F\u00e1cil de limpiar: Dise\u00f1ado para facilitar su mantenimiento.<br \/>\n \u2022 Alta calidad: Fabricado con materiales aptos para uso alimentario, garantizando durabilidad y seguridad.<br \/>\n \u2022 Seguridad: Los dientes de pl\u00e1stico no tienen pinchos, lo que evita accidentes durante la limpieza sin comprometer la eficiencia en el desmechado.<br \/>\n \u2022 Material: Pl\u00e1stico de grado alimenticio.<br \/>\n \u2022 Tama\u00f1o: 20 x 20 x 7 cm.<br \/>\n \u2022 Colores disponibles: Negro y rojo.<\/p>\n<p>\ud83d\uded2 Incluye:<br \/>\n \u2022 1 desmechador de pollo y carne.<\/p>\n","protected":false},"excerpt":{"rendered":"<p>\u2022 Dise\u00f1o pr\u00e1ctico: Base antideslizante para mayor estabilidad durante el uso y mango ergon\u00f3mico para un f\u00e1cil agarre. Ideal como herramienta de cocina.<\/p>\n","protected":false},"featured_media":2388,"template":"","meta":[],"product_brand":[379],"product_cat":[344,24],"product_tag":[182],"class_list":{"0":"post-2383","1":"product","2":"type-product","3":"status-publish","4":"has-post-thumbnail","6":"product_brand-generico","7":"product_cat-accesorios-de-cocina","8":"product_cat-cocina-y-hogar","9":"product_tag-desmechador-de-pollo","11":"first","12":"instock","13":"shipping-taxable","14":"purchasable","15":"product-type-simple"},"_links":{"self":[{"href":"https:\/\/mcstorecol.com\/index.php?rest_route=\/wp\/v2\/product\/2383","targetHints":{"allow":["GET"]}}],"collection":[{"href":"https:\/\/mcstorecol.com\/index.php?rest_route=\/wp\/v2\/product"}],"about":[{"href":"https:\/\/mcstorecol.com\/index.php?rest_route=\/wp\/v2\/types\/product"}],"wp:featuredmedia":[{"embeddable":true,"href":"https:\/\/mcstorecol.com\/index.php?rest_route=\/wp\/v2\/media\/2388"}],"wp:attachment":[{"href":"https:\/\/mcstorecol.com\/index.php?rest_route=%2Fwp%2Fv2%2Fmedia&parent=2383"}],"wp:term":[{"taxonomy":"product_brand","embeddable":true,"href":"https:\/\/mcstorecol.com\/index.php?rest_route=%2Fwp%2Fv2%2Fproduct_brand&post=2383"},{"taxonomy":"product_cat","embeddable":true,"href":"https:\/\/mcstorecol.com\/index.php?rest_route=%2Fwp%2Fv2%2Fproduct_cat&post=2383"},{"taxonomy":"product_tag","embeddable":true,"href":"https:\/\/mcstorecol.com\/index.php?rest_route=%2Fwp%2Fv2%2Fproduct_tag&post=2383"}],"curies":[{"name":"wp","href":"https:\/\/api.w.org\/{rel}","templated":true}]}}