{"id":2657,"date":"2025-09-22T19:33:26","date_gmt":"2025-09-23T00:33:26","guid":{"rendered":"https:\/\/mcstorecol.com\/?post_type=product&#038;p=2657"},"modified":"2025-09-22T19:33:26","modified_gmt":"2025-09-23T00:33:26","slug":"control-inalambrico-sony-dualshock-3-para-playstation-3-negro","status":"publish","type":"product","link":"https:\/\/mcstorecol.com\/?product=control-inalambrico-sony-dualshock-3-para-playstation-3-negro","title":{"rendered":"Control Inal\u00e1mbrico Sony DualShock 3  para PlayStation 3 \u2013 Negro"},"content":{"rendered":"<p>El Sony DualShock 3 Wireless Controller es el mando oficial para PlayStation 3, dise\u00f1ado para brindarte la mejor experiencia de juego.<br \/>\nCuenta con tecnolog\u00eda Bluetooth que te permite jugar sin cables y con total libertad de movimiento. Su sistema de vibraci\u00f3n incorporada hace que cada golpe, choque o explosi\u00f3n se sienta en tus manos, aumentando la inmersi\u00f3n en cada partida.<\/p>\n<p>Su dise\u00f1o ergon\u00f3mico se adapta perfectamente a tus manos, brindando comodidad incluso en largas sesiones de juego. Dispone de sensores de movimiento SIXAXIS, capaces de detectar inclinaciones y movimientos en el aire para juegos compatibles.<\/p>\n<p>Con los cl\u00e1sicos botones PlayStation (X, O, Tri\u00e1ngulo, Cuadrado), dos sticks anal\u00f3gicos de alta precisi\u00f3n y gatillos sensibles, tendr\u00e1s control absoluto en cada jugada.<\/p>\n<p>Ideal para disfrutar tus juegos de PS3 con la mejor calidad y garant\u00eda de un producto  Sony.<\/p>\n","protected":false},"excerpt":{"rendered":"<p>Disfruta tus juegos favoritos con el Control Sony DualShock 3 original para PS3, con vibraci\u00f3n integrada y conectividad inal\u00e1mbrica Bluetooth para una experiencia de juego fluida y c\u00f3moda.<\/p>\n","protected":false},"featured_media":2660,"template":"","meta":[],"product_brand":[379],"product_cat":[311,284],"product_tag":[2317,2316,2311,2318,2310,2319,2312,2315,2314,2313],"class_list":{"0":"post-2657","1":"product","2":"type-product","3":"status-publish","4":"has-post-thumbnail","6":"product_brand-generico","7":"product_cat-controles","8":"product_cat-gamer","9":"product_tag-accesorios-playstation-3","10":"product_tag-control-bluetooth-ps3","11":"product_tag-control-dualshock-3","12":"product_tag-control-gamer-ps3","13":"product_tag-control-ps3","14":"product_tag-control-sony-dualshock","15":"product_tag-control-sony-ps3","16":"product_tag-control-vibracion-ps3","17":"product_tag-joystick-ps3-original","18":"product_tag-mando-inalambrico-ps3","20":"first","21":"instock","22":"shipping-taxable","23":"purchasable","24":"product-type-simple"},"_links":{"self":[{"href":"https:\/\/mcstorecol.com\/index.php?rest_route=\/wp\/v2\/product\/2657","targetHints":{"allow":["GET"]}}],"collection":[{"href":"https:\/\/mcstorecol.com\/index.php?rest_route=\/wp\/v2\/product"}],"about":[{"href":"https:\/\/mcstorecol.com\/index.php?rest_route=\/wp\/v2\/types\/product"}],"wp:featuredmedia":[{"embeddable":true,"href":"https:\/\/mcstorecol.com\/index.php?rest_route=\/wp\/v2\/media\/2660"}],"wp:attachment":[{"href":"https:\/\/mcstorecol.com\/index.php?rest_route=%2Fwp%2Fv2%2Fmedia&parent=2657"}],"wp:term":[{"taxonomy":"product_brand","embeddable":true,"href":"https:\/\/mcstorecol.com\/index.php?rest_route=%2Fwp%2Fv2%2Fproduct_brand&post=2657"},{"taxonomy":"product_cat","embeddable":true,"href":"https:\/\/mcstorecol.com\/index.php?rest_route=%2Fwp%2Fv2%2Fproduct_cat&post=2657"},{"taxonomy":"product_tag","embeddable":true,"href":"https:\/\/mcstorecol.com\/index.php?rest_route=%2Fwp%2Fv2%2Fproduct_tag&post=2657"}],"curies":[{"name":"wp","href":"https:\/\/api.w.org\/{rel}","templated":true}]}}