{"id":529,"date":"2025-07-21T14:14:46","date_gmt":"2025-07-21T19:14:46","guid":{"rendered":"https:\/\/mcstorecol.com\/?post_type=product&#038;p=529"},"modified":"2025-08-28T17:23:48","modified_gmt":"2025-08-28T22:23:48","slug":"funko-pop-himawari-uzumaki","status":"publish","type":"product","link":"https:\/\/mcstorecol.com\/?product=funko-pop-himawari-uzumaki","title":{"rendered":"Funko Pop Himawari Uzumaki"},"content":{"rendered":"<p><strong data-entity-type=\"MessageEntityBold\">\u2022 Figura de vinilo coleccionable<br \/>\n\u2022 Modelo: Himawari Uzumaki #1654<br \/>\n\u2022 Altura aproximada: 9.5 cm (3.75\u201d)<br \/>\n\u2022 Producto nuevo y en caja original<br \/>\n\u2022 Licencia oficial Funko<\/strong><\/p>\n<p><img decoding=\"async\" class=\"open emoji emoji-small\" draggable=\"false\" src=\"https:\/\/web.telegram.org\/a\/img-apple-64\/1f4a5.png\" alt=\"\ud83d\udca5\" data-path=\".\/img-apple-64\/1f4a5.png\" \/>\u00a0Ideal para decorar tu setup, regalar o completar tu colecci\u00f3n de Naruto\/Boruto.<\/p>\n","protected":false},"excerpt":{"rendered":"<p><strong data-entity-type=\"MessageEntityBold\">Agrega a tu colecci\u00f3n este incre\u00edble Funko Pop de Himawari Uzumaki, la adorable y poderosa hija de Naruto y Hinata. Un dise\u00f1o \u00fanico, lleno de detalles y parte del universo de <em data-entity-type=\"MessageEntityItalic\">Boruto<\/em>, ideal para fans del anime y coleccionistas.<\/strong><\/p>\n","protected":false},"featured_media":740,"template":"","meta":[],"product_brand":[351],"product_cat":[300,326],"product_tag":[361,357,358,360,353,359,355,352,362,354,363,356],"class_list":{"0":"post-529","1":"product","2":"type-product","3":"status-publish","4":"has-post-thumbnail","6":"product_brand-funko","7":"product_cat-coleccionables-y-juguetes","8":"product_cat-figuras-y-funkos","9":"product_tag-animecolombia","10":"product_tag-borutofans","11":"product_tag-coleccionistasanime","12":"product_tag-figurasdevinilo","13":"product_tag-funkoboruto","14":"product_tag-funkocollectors","15":"product_tag-funkocolombia","16":"product_tag-funkopop","17":"product_tag-funkopopnaruto","18":"product_tag-himawariuzumaki","19":"product_tag-mcstorecolombia","20":"product_tag-narutonextgenerations","22":"first","23":"instock","24":"shipping-taxable","25":"purchasable","26":"product-type-simple"},"_links":{"self":[{"href":"https:\/\/mcstorecol.com\/index.php?rest_route=\/wp\/v2\/product\/529","targetHints":{"allow":["GET"]}}],"collection":[{"href":"https:\/\/mcstorecol.com\/index.php?rest_route=\/wp\/v2\/product"}],"about":[{"href":"https:\/\/mcstorecol.com\/index.php?rest_route=\/wp\/v2\/types\/product"}],"wp:featuredmedia":[{"embeddable":true,"href":"https:\/\/mcstorecol.com\/index.php?rest_route=\/wp\/v2\/media\/740"}],"wp:attachment":[{"href":"https:\/\/mcstorecol.com\/index.php?rest_route=%2Fwp%2Fv2%2Fmedia&parent=529"}],"wp:term":[{"taxonomy":"product_brand","embeddable":true,"href":"https:\/\/mcstorecol.com\/index.php?rest_route=%2Fwp%2Fv2%2Fproduct_brand&post=529"},{"taxonomy":"product_cat","embeddable":true,"href":"https:\/\/mcstorecol.com\/index.php?rest_route=%2Fwp%2Fv2%2Fproduct_cat&post=529"},{"taxonomy":"product_tag","embeddable":true,"href":"https:\/\/mcstorecol.com\/index.php?rest_route=%2Fwp%2Fv2%2Fproduct_tag&post=529"}],"curies":[{"name":"wp","href":"https:\/\/api.w.org\/{rel}","templated":true}]}}